{"id":91,"date":"2020-06-08T17:20:52","date_gmt":"2020-06-08T17:20:52","guid":{"rendered":"http:\/\/litera-siegen.de\/?page_id=91"},"modified":"2022-12-06T20:57:30","modified_gmt":"2022-12-06T20:57:30","slug":"ueber-uns","status":"publish","type":"page","link":"https:\/\/litera-siegen.de\/ru\/verein\/ueber-uns\/","title":{"rendered":"\u00dcber uns"},"content":{"rendered":"\n<h6 class=\"has-text-align-center wp-block-heading\"><\/h6>\n\n\n<div class=\"wp-block-image\">\n<figure class=\"aligncenter size-large\"><img loading=\"lazy\" decoding=\"async\" width=\"991\" height=\"235\" src=\"http:\/\/litera-siegen.de\/wp-content\/uploads\/2020\/05\/litera-header.jpg\" alt=\"\" class=\"wp-image-57\" srcset=\"https:\/\/litera-siegen.de\/wp-content\/uploads\/2020\/05\/litera-header.jpg 991w, https:\/\/litera-siegen.de\/wp-content\/uploads\/2020\/05\/litera-header-300x71.jpg 300w, https:\/\/litera-siegen.de\/wp-content\/uploads\/2020\/05\/litera-header-768x182.jpg 768w\" sizes=\"auto, (max-width: 991px) 100vw, 991px\" \/><\/figure>\n<\/div>\n\n\n<p>Das Russisch-Deutsche Kulturzentrum LITERA e.V. hat sich aus einem Lesekreis der&nbsp;<a href=\"http:\/\/www.herder-bibliothek.de\/\" target=\"_blank\" rel=\"noreferrer noopener\">Johann-Gottfried-Herder-Bibliothek Siegerland e.V.<\/a>&nbsp;gebildet, ist im Dezember 2011 gegr\u00fcndet und in das Vereinsregister des Amtsgerichts Siegen eingetragen worden.<\/p>\n\n\n\n<p>Das Russisch-Deutsche Kulturzentrum Litera e.V. engagiert sich vorrangig f\u00fcr die F\u00f6rderung eines Dialogs der deutsch- und russischsprachigen Kulturr\u00e4ume.<\/p>\n\n\n\n<p>Unsere Mitglieder haben bereits zahlreiche Vortr\u00e4ge gehalten, anspruchsvolle Veranstaltungen \u00fcber bedeutende russische Schriftsteller, Maler und K\u00fcnstler durchgef\u00fchrt und anregende Kulturabende organisiert. In allen Veranstaltungen kam deutlich hervor, dass russische und deutsche Kulturr\u00e4ume mehr Gemeinsamkeiten aufweisen, als man es annehmen k\u00f6nnte. Solche Kulturabende sind eine Bereicherung f\u00fcr jeden Einzelnen, unabh\u00e4ngig von seiner Kulturzugeh\u00f6rigkeit.<\/p>\n\n\n\n<p>Die Vereinsbibliothek enth\u00e4lt mehrere tausende B\u00e4nde in russischer und deutscher Sprache. <\/p>\n\n\n\n<p>Dar\u00fcber hinaus bieten wir zahlreiche Kurse an: ein Kindertheater, eine Lesestunde f\u00fcr Kinder und ein Literaturcafe f\u00fcr Erwachsene.<\/p>\n\n\n\n<p>Unsere Arbeit wird von ehrenamtlichen Mitgliedern und deren Beitr\u00e4gen geleistet. Um unsere weiteren Projekte zu erm\u00f6glichen, sind wir jedoch auf die Unterst\u00fctzung von privaten Spenden angewiesen. <\/p>\n\n\n\n<p>Wir sind sowohl an der Vernetzung als auch an der Erg\u00e4nzung und Erweiterung unseres B\u00fccherbestandes interessiert, das Letzte betrifft Kinder- und Jugendliteratur. Wir sind f\u00fcr jede Art von Hilfe und Unterst\u00fctzung dankbar. Da wir unseren Verein selbst finanzieren, scheuen wir uns nicht, die selbstgemachten russischen Spezialit\u00e4ten auf den Stadtfesten zu verkaufen und Geld f\u00fcr unsere Kasse zu verdienen.<\/p>\n\n\n\n<figure class=\"wp-block-gallery has-nested-images columns-default is-cropped wp-block-gallery-1 is-layout-flex wp-block-gallery-is-layout-flex\">\n<figure class=\"wp-block-image size-large\"><img loading=\"lazy\" decoding=\"async\" width=\"700\" height=\"1244\" data-id=\"886\" src=\"http:\/\/litera-siegen.de\/wp-content\/uploads\/2022\/02\/PHOTO-2022-01-05-21-26-57-1-2-700x1244.jpg\" alt=\"\" class=\"wp-image-886\" srcset=\"https:\/\/litera-siegen.de\/wp-content\/uploads\/2022\/02\/PHOTO-2022-01-05-21-26-57-1-2-700x1244.jpg 700w, https:\/\/litera-siegen.de\/wp-content\/uploads\/2022\/02\/PHOTO-2022-01-05-21-26-57-1-2-169x300.jpg 169w, https:\/\/litera-siegen.de\/wp-content\/uploads\/2022\/02\/PHOTO-2022-01-05-21-26-57-1-2-768x1365.jpg 768w, https:\/\/litera-siegen.de\/wp-content\/uploads\/2022\/02\/PHOTO-2022-01-05-21-26-57-1-2-864x1536.jpg 864w, https:\/\/litera-siegen.de\/wp-content\/uploads\/2022\/02\/PHOTO-2022-01-05-21-26-57-1-2-34x60.jpg 34w, https:\/\/litera-siegen.de\/wp-content\/uploads\/2022\/02\/PHOTO-2022-01-05-21-26-57-1-2.jpg 900w\" sizes=\"auto, (max-width: 700px) 100vw, 700px\" \/><\/figure>\n\n\n\n<figure class=\"wp-block-image size-large\"><img loading=\"lazy\" decoding=\"async\" width=\"700\" height=\"1244\" data-id=\"887\" src=\"http:\/\/litera-siegen.de\/wp-content\/uploads\/2022\/02\/PHOTO-2022-01-05-21-26-57-2-1-700x1244.jpg\" alt=\"\" class=\"wp-image-887\" srcset=\"https:\/\/litera-siegen.de\/wp-content\/uploads\/2022\/02\/PHOTO-2022-01-05-21-26-57-2-1-700x1244.jpg 700w, https:\/\/litera-siegen.de\/wp-content\/uploads\/2022\/02\/PHOTO-2022-01-05-21-26-57-2-1-169x300.jpg 169w, https:\/\/litera-siegen.de\/wp-content\/uploads\/2022\/02\/PHOTO-2022-01-05-21-26-57-2-1-768x1365.jpg 768w, https:\/\/litera-siegen.de\/wp-content\/uploads\/2022\/02\/PHOTO-2022-01-05-21-26-57-2-1-864x1536.jpg 864w, https:\/\/litera-siegen.de\/wp-content\/uploads\/2022\/02\/PHOTO-2022-01-05-21-26-57-2-1-34x60.jpg 34w, https:\/\/litera-siegen.de\/wp-content\/uploads\/2022\/02\/PHOTO-2022-01-05-21-26-57-2-1.jpg 900w\" sizes=\"auto, (max-width: 700px) 100vw, 700px\" \/><\/figure>\n\n\n\n<figure class=\"wp-block-image size-large\"><img loading=\"lazy\" decoding=\"async\" width=\"700\" height=\"1244\" data-id=\"888\" src=\"http:\/\/litera-siegen.de\/wp-content\/uploads\/2022\/02\/PHOTO-2022-01-05-21-26-58-1-1-700x1244.jpg\" alt=\"\" class=\"wp-image-888\" srcset=\"https:\/\/litera-siegen.de\/wp-content\/uploads\/2022\/02\/PHOTO-2022-01-05-21-26-58-1-1-700x1244.jpg 700w, https:\/\/litera-siegen.de\/wp-content\/uploads\/2022\/02\/PHOTO-2022-01-05-21-26-58-1-1-169x300.jpg 169w, https:\/\/litera-siegen.de\/wp-content\/uploads\/2022\/02\/PHOTO-2022-01-05-21-26-58-1-1-768x1365.jpg 768w, https:\/\/litera-siegen.de\/wp-content\/uploads\/2022\/02\/PHOTO-2022-01-05-21-26-58-1-1-864x1536.jpg 864w, https:\/\/litera-siegen.de\/wp-content\/uploads\/2022\/02\/PHOTO-2022-01-05-21-26-58-1-1-34x60.jpg 34w, https:\/\/litera-siegen.de\/wp-content\/uploads\/2022\/02\/PHOTO-2022-01-05-21-26-58-1-1.jpg 900w\" sizes=\"auto, (max-width: 700px) 100vw, 700px\" \/><\/figure>\n<figcaption class=\"blocks-gallery-caption wp-element-caption\">Unsere Vereinsr\u00e4ume am Marburger Tor 15<\/figcaption><\/figure>\n\n\n\n<figure class=\"wp-block-gallery has-nested-images columns-default is-cropped wp-block-gallery-2 is-layout-flex wp-block-gallery-is-layout-flex\">\n<figure class=\"wp-block-image size-large\"><img loading=\"lazy\" decoding=\"async\" width=\"700\" height=\"1218\" data-id=\"969\" src=\"http:\/\/litera-siegen.de\/wp-content\/uploads\/2022\/12\/Screenshot_20221206-215652_Gallery-700x1218.jpg\" alt=\"\" class=\"wp-image-969\" srcset=\"https:\/\/litera-siegen.de\/wp-content\/uploads\/2022\/12\/Screenshot_20221206-215652_Gallery-700x1218.jpg 700w, https:\/\/litera-siegen.de\/wp-content\/uploads\/2022\/12\/Screenshot_20221206-215652_Gallery-172x300.jpg 172w, https:\/\/litera-siegen.de\/wp-content\/uploads\/2022\/12\/Screenshot_20221206-215652_Gallery-768x1336.jpg 768w, https:\/\/litera-siegen.de\/wp-content\/uploads\/2022\/12\/Screenshot_20221206-215652_Gallery-883x1536.jpg 883w, https:\/\/litera-siegen.de\/wp-content\/uploads\/2022\/12\/Screenshot_20221206-215652_Gallery-34x60.jpg 34w, https:\/\/litera-siegen.de\/wp-content\/uploads\/2022\/12\/Screenshot_20221206-215652_Gallery.jpg 1012w\" sizes=\"auto, (max-width: 700px) 100vw, 700px\" \/><\/figure>\n\n\n\n<figure class=\"wp-block-image size-large\"><img loading=\"lazy\" decoding=\"async\" width=\"700\" height=\"1181\" data-id=\"970\" src=\"http:\/\/litera-siegen.de\/wp-content\/uploads\/2022\/12\/Screenshot_20221206-215549_Gallery-700x1181.jpg\" alt=\"\" class=\"wp-image-970\" srcset=\"https:\/\/litera-siegen.de\/wp-content\/uploads\/2022\/12\/Screenshot_20221206-215549_Gallery-700x1181.jpg 700w, https:\/\/litera-siegen.de\/wp-content\/uploads\/2022\/12\/Screenshot_20221206-215549_Gallery-178x300.jpg 178w, https:\/\/litera-siegen.de\/wp-content\/uploads\/2022\/12\/Screenshot_20221206-215549_Gallery-768x1296.jpg 768w, https:\/\/litera-siegen.de\/wp-content\/uploads\/2022\/12\/Screenshot_20221206-215549_Gallery-910x1536.jpg 910w, https:\/\/litera-siegen.de\/wp-content\/uploads\/2022\/12\/Screenshot_20221206-215549_Gallery-36x60.jpg 36w, https:\/\/litera-siegen.de\/wp-content\/uploads\/2022\/12\/Screenshot_20221206-215549_Gallery.jpg 1069w\" sizes=\"auto, (max-width: 700px) 100vw, 700px\" \/><\/figure>\n\n\n\n<figure class=\"wp-block-image size-large\"><img loading=\"lazy\" decoding=\"async\" width=\"700\" height=\"457\" data-id=\"967\" src=\"http:\/\/litera-siegen.de\/wp-content\/uploads\/2022\/12\/Screenshot_20221206-215508_Gallery-700x457.jpg\" alt=\"\" class=\"wp-image-967\" srcset=\"https:\/\/litera-siegen.de\/wp-content\/uploads\/2022\/12\/Screenshot_20221206-215508_Gallery-700x457.jpg 700w, https:\/\/litera-siegen.de\/wp-content\/uploads\/2022\/12\/Screenshot_20221206-215508_Gallery-300x196.jpg 300w, https:\/\/litera-siegen.de\/wp-content\/uploads\/2022\/12\/Screenshot_20221206-215508_Gallery-768x501.jpg 768w, https:\/\/litera-siegen.de\/wp-content\/uploads\/2022\/12\/Screenshot_20221206-215508_Gallery-92x60.jpg 92w, https:\/\/litera-siegen.de\/wp-content\/uploads\/2022\/12\/Screenshot_20221206-215508_Gallery.jpg 1076w\" sizes=\"auto, (max-width: 700px) 100vw, 700px\" \/><\/figure>\n\n\n\n<figure class=\"wp-block-image size-large\"><img loading=\"lazy\" decoding=\"async\" width=\"700\" height=\"468\" data-id=\"966\" src=\"http:\/\/litera-siegen.de\/wp-content\/uploads\/2022\/12\/Screenshot_20221206-215444_Gallery-700x468.jpg\" alt=\"\" class=\"wp-image-966\" srcset=\"https:\/\/litera-siegen.de\/wp-content\/uploads\/2022\/12\/Screenshot_20221206-215444_Gallery-700x468.jpg 700w, https:\/\/litera-siegen.de\/wp-content\/uploads\/2022\/12\/Screenshot_20221206-215444_Gallery-300x200.jpg 300w, https:\/\/litera-siegen.de\/wp-content\/uploads\/2022\/12\/Screenshot_20221206-215444_Gallery-768x513.jpg 768w, https:\/\/litera-siegen.de\/wp-content\/uploads\/2022\/12\/Screenshot_20221206-215444_Gallery-90x60.jpg 90w, https:\/\/litera-siegen.de\/wp-content\/uploads\/2022\/12\/Screenshot_20221206-215444_Gallery.jpg 1066w\" sizes=\"auto, (max-width: 700px) 100vw, 700px\" \/><\/figure>\n\n\n\n<figure class=\"wp-block-image size-large\"><img loading=\"lazy\" decoding=\"async\" width=\"700\" height=\"448\" data-id=\"968\" src=\"http:\/\/litera-siegen.de\/wp-content\/uploads\/2022\/12\/Screenshot_20221206-215423_Gallery-700x448.jpg\" alt=\"\" class=\"wp-image-968\" srcset=\"https:\/\/litera-siegen.de\/wp-content\/uploads\/2022\/12\/Screenshot_20221206-215423_Gallery-700x448.jpg 700w, https:\/\/litera-siegen.de\/wp-content\/uploads\/2022\/12\/Screenshot_20221206-215423_Gallery-300x192.jpg 300w, https:\/\/litera-siegen.de\/wp-content\/uploads\/2022\/12\/Screenshot_20221206-215423_Gallery-768x492.jpg 768w, https:\/\/litera-siegen.de\/wp-content\/uploads\/2022\/12\/Screenshot_20221206-215423_Gallery-94x60.jpg 94w, https:\/\/litera-siegen.de\/wp-content\/uploads\/2022\/12\/Screenshot_20221206-215423_Gallery.jpg 1064w\" sizes=\"auto, (max-width: 700px) 100vw, 700px\" \/><\/figure>\n<\/figure>\n","protected":false},"excerpt":{"rendered":"<p>Das Russisch-Deutsche Kulturzentrum LITERA e.V. hat sich aus einem Lesekreis der&nbsp;Johann-Gottfried-Herder-Bibliothek Siegerland e.V.&nbsp;gebildet, ist im Dezember 2011 gegr\u00fcndet und in das Vereinsregister des Amtsgerichts Siegen eingetragen worden. Das Russisch-Deutsche Kulturzentrum Litera e.V. engagiert sich vorrangig f\u00fcr die F\u00f6rderung eines Dialogs der deutsch- und russischsprachigen Kulturr\u00e4ume. Unsere Mitglieder haben bereits zahlreiche Vortr\u00e4ge gehalten, anspruchsvolle Veranstaltungen \u00fcber &hellip; <\/p>\n","protected":false},"author":1,"featured_media":0,"parent":142,"menu_order":0,"comment_status":"closed","ping_status":"closed","template":"","meta":{"footnotes":""},"class_list":["post-91","page","type-page","status-publish","hentry"],"translation":{"provider":"WPGlobus","version":"3.0.2","language":"ru","enabled_languages":["de","ru"],"languages":{"de":{"title":true,"content":true,"excerpt":false},"ru":{"title":false,"content":false,"excerpt":false}}},"_links":{"self":[{"href":"https:\/\/litera-siegen.de\/ru\/wp-json\/wp\/v2\/pages\/91","targetHints":{"allow":["GET"]}}],"collection":[{"href":"https:\/\/litera-siegen.de\/ru\/wp-json\/wp\/v2\/pages"}],"about":[{"href":"https:\/\/litera-siegen.de\/ru\/wp-json\/wp\/v2\/types\/page"}],"author":[{"embeddable":true,"href":"https:\/\/litera-siegen.de\/ru\/wp-json\/wp\/v2\/users\/1"}],"replies":[{"embeddable":true,"href":"https:\/\/litera-siegen.de\/ru\/wp-json\/wp\/v2\/comments?post=91"}],"version-history":[{"count":10,"href":"https:\/\/litera-siegen.de\/ru\/wp-json\/wp\/v2\/pages\/91\/revisions"}],"predecessor-version":[{"id":971,"href":"https:\/\/litera-siegen.de\/ru\/wp-json\/wp\/v2\/pages\/91\/revisions\/971"}],"up":[{"embeddable":true,"href":"https:\/\/litera-siegen.de\/ru\/wp-json\/wp\/v2\/pages\/142"}],"wp:attachment":[{"href":"https:\/\/litera-siegen.de\/ru\/wp-json\/wp\/v2\/media?parent=91"}],"curies":[{"name":"wp","href":"https:\/\/api.w.org\/{rel}","templated":true}]}}