{"id":868,"date":"2022-02-16T07:44:24","date_gmt":"2022-02-16T07:44:24","guid":{"rendered":"http:\/\/litera-siegen.de\/?page_id=868"},"modified":"2023-05-20T21:56:11","modified_gmt":"2023-05-20T21:56:11","slug":"kunst-ag","status":"publish","type":"page","link":"https:\/\/litera-siegen.de\/ru\/kunst-ag\/","title":{"rendered":"Kunst AG"},"content":{"rendered":"\n<p>Litera e. V. setzt sich f\u00fcr die kulturelle Bildung der Kinder und Erwachsenen in Siegen und Umgebung ein. In unserer Kunst AG lernen die Teilnehmer:innen die Kunst zu verstehen, den Mal- und Kunsttechniken richtig umzugehen und selbst kreativ zu werden. Unter der Leitung der professionellen K\u00fcnstlerin Natalia Schlucker entstehen Kunstwerke von unsren kleinen und gro\u00dfen Kunstliebhaber. <\/p>\n\n\n\n<p>Die Workshops finden regelm\u00e4\u00dfig statt. Es sind alle Interessenten eingeladen, reinzuschnuppern, eigene k\u00fcnstlerischen Neigungen zu entdecken und vor allem &#8212; viel Spa\u00df zu haben!<\/p>\n\n\n\n<p>Kontakt: Natalia Schlucker <\/p>\n\n\n\n<ul class=\"wp-block-list\">\n<li>Tel: 015156349477<\/li>\n\n\n\n<li>E-Mail: <a href=\"mailto:nschlucker@aol.com\">nschlucker@aol.com<\/a><\/li>\n<\/ul>\n\n\n\n<figure class=\"wp-block-gallery has-nested-images columns-default is-cropped wp-block-gallery-1 is-layout-flex wp-block-gallery-is-layout-flex\">\n<figure class=\"wp-block-image size-large\"><img loading=\"lazy\" decoding=\"async\" width=\"700\" height=\"1244\" data-id=\"872\" src=\"http:\/\/litera-siegen.de\/wp-content\/uploads\/2022\/02\/PHOTO-2022-01-23-20-12-34-700x1244.jpg\" alt=\"\" class=\"wp-image-872\" srcset=\"https:\/\/litera-siegen.de\/wp-content\/uploads\/2022\/02\/PHOTO-2022-01-23-20-12-34-700x1244.jpg 700w, https:\/\/litera-siegen.de\/wp-content\/uploads\/2022\/02\/PHOTO-2022-01-23-20-12-34-169x300.jpg 169w, https:\/\/litera-siegen.de\/wp-content\/uploads\/2022\/02\/PHOTO-2022-01-23-20-12-34-768x1365.jpg 768w, https:\/\/litera-siegen.de\/wp-content\/uploads\/2022\/02\/PHOTO-2022-01-23-20-12-34-864x1536.jpg 864w, https:\/\/litera-siegen.de\/wp-content\/uploads\/2022\/02\/PHOTO-2022-01-23-20-12-34-34x60.jpg 34w, https:\/\/litera-siegen.de\/wp-content\/uploads\/2022\/02\/PHOTO-2022-01-23-20-12-34.jpg 900w\" sizes=\"auto, (max-width: 700px) 100vw, 700px\" \/><\/figure>\n\n\n\n<figure class=\"wp-block-image size-large\"><img loading=\"lazy\" decoding=\"async\" width=\"700\" height=\"1244\" data-id=\"873\" src=\"http:\/\/litera-siegen.de\/wp-content\/uploads\/2022\/02\/PHOTO-2022-01-23-20-12-35-1-700x1244.jpg\" alt=\"\" class=\"wp-image-873\" srcset=\"https:\/\/litera-siegen.de\/wp-content\/uploads\/2022\/02\/PHOTO-2022-01-23-20-12-35-1-700x1244.jpg 700w, https:\/\/litera-siegen.de\/wp-content\/uploads\/2022\/02\/PHOTO-2022-01-23-20-12-35-1-169x300.jpg 169w, https:\/\/litera-siegen.de\/wp-content\/uploads\/2022\/02\/PHOTO-2022-01-23-20-12-35-1-768x1365.jpg 768w, https:\/\/litera-siegen.de\/wp-content\/uploads\/2022\/02\/PHOTO-2022-01-23-20-12-35-1-864x1536.jpg 864w, https:\/\/litera-siegen.de\/wp-content\/uploads\/2022\/02\/PHOTO-2022-01-23-20-12-35-1-34x60.jpg 34w, https:\/\/litera-siegen.de\/wp-content\/uploads\/2022\/02\/PHOTO-2022-01-23-20-12-35-1.jpg 900w\" sizes=\"auto, (max-width: 700px) 100vw, 700px\" \/><\/figure>\n\n\n\n<figure class=\"wp-block-image size-large\"><img loading=\"lazy\" decoding=\"async\" width=\"700\" height=\"673\" data-id=\"875\" src=\"http:\/\/litera-siegen.de\/wp-content\/uploads\/2022\/02\/PHOTO-2022-01-23-20-12-55-2-700x673.jpg\" alt=\"\" class=\"wp-image-875\" srcset=\"https:\/\/litera-siegen.de\/wp-content\/uploads\/2022\/02\/PHOTO-2022-01-23-20-12-55-2-700x673.jpg 700w, https:\/\/litera-siegen.de\/wp-content\/uploads\/2022\/02\/PHOTO-2022-01-23-20-12-55-2-300x288.jpg 300w, https:\/\/litera-siegen.de\/wp-content\/uploads\/2022\/02\/PHOTO-2022-01-23-20-12-55-2-768x738.jpg 768w, https:\/\/litera-siegen.de\/wp-content\/uploads\/2022\/02\/PHOTO-2022-01-23-20-12-55-2-1536x1476.jpg 1536w, https:\/\/litera-siegen.de\/wp-content\/uploads\/2022\/02\/PHOTO-2022-01-23-20-12-55-2-62x60.jpg 62w, https:\/\/litera-siegen.de\/wp-content\/uploads\/2022\/02\/PHOTO-2022-01-23-20-12-55-2.jpg 1600w\" sizes=\"auto, (max-width: 700px) 100vw, 700px\" \/><\/figure>\n<\/figure>\n\n\n\n<p>Eindr\u00fccke aus unserem Winter Work-Shop 2022<\/p>\n\n\n\n<figure class=\"wp-block-image size-large\"><img loading=\"lazy\" decoding=\"async\" width=\"700\" height=\"700\" src=\"http:\/\/litera-siegen.de\/wp-content\/uploads\/2022\/12\/IMG_20221204_195517_494-700x700.webp\" alt=\"\" class=\"wp-image-924\" srcset=\"https:\/\/litera-siegen.de\/wp-content\/uploads\/2022\/12\/IMG_20221204_195517_494-700x700.webp 700w, https:\/\/litera-siegen.de\/wp-content\/uploads\/2022\/12\/IMG_20221204_195517_494-300x300.webp 300w, https:\/\/litera-siegen.de\/wp-content\/uploads\/2022\/12\/IMG_20221204_195517_494-150x150.webp 150w, https:\/\/litera-siegen.de\/wp-content\/uploads\/2022\/12\/IMG_20221204_195517_494-60x60.webp 60w, https:\/\/litera-siegen.de\/wp-content\/uploads\/2022\/12\/IMG_20221204_195517_494.webp 757w\" sizes=\"auto, (max-width: 700px) 100vw, 700px\" \/><\/figure>\n\n\n\n<figure class=\"wp-block-gallery has-nested-images columns-default is-cropped wp-block-gallery-2 is-layout-flex wp-block-gallery-is-layout-flex\">\n<figure class=\"wp-block-image size-large\"><img loading=\"lazy\" decoding=\"async\" width=\"700\" height=\"875\" data-id=\"933\" src=\"http:\/\/litera-siegen.de\/wp-content\/uploads\/2022\/12\/IMG_20221206_185942_496-700x875.webp\" alt=\"\" class=\"wp-image-933\" srcset=\"https:\/\/litera-siegen.de\/wp-content\/uploads\/2022\/12\/IMG_20221206_185942_496-700x875.webp 700w, https:\/\/litera-siegen.de\/wp-content\/uploads\/2022\/12\/IMG_20221206_185942_496-240x300.webp 240w, https:\/\/litera-siegen.de\/wp-content\/uploads\/2022\/12\/IMG_20221206_185942_496-768x960.webp 768w, https:\/\/litera-siegen.de\/wp-content\/uploads\/2022\/12\/IMG_20221206_185942_496-48x60.webp 48w, https:\/\/litera-siegen.de\/wp-content\/uploads\/2022\/12\/IMG_20221206_185942_496.webp 939w\" sizes=\"auto, (max-width: 700px) 100vw, 700px\" \/><\/figure>\n\n\n\n<figure class=\"wp-block-image size-large\"><img loading=\"lazy\" decoding=\"async\" width=\"700\" height=\"700\" data-id=\"929\" src=\"http:\/\/litera-siegen.de\/wp-content\/uploads\/2022\/12\/IMG_20221204_195517_550-700x700.webp\" alt=\"\" class=\"wp-image-929\" srcset=\"https:\/\/litera-siegen.de\/wp-content\/uploads\/2022\/12\/IMG_20221204_195517_550-700x700.webp 700w, https:\/\/litera-siegen.de\/wp-content\/uploads\/2022\/12\/IMG_20221204_195517_550-300x300.webp 300w, https:\/\/litera-siegen.de\/wp-content\/uploads\/2022\/12\/IMG_20221204_195517_550-150x150.webp 150w, https:\/\/litera-siegen.de\/wp-content\/uploads\/2022\/12\/IMG_20221204_195517_550-60x60.webp 60w, https:\/\/litera-siegen.de\/wp-content\/uploads\/2022\/12\/IMG_20221204_195517_550.webp 757w\" sizes=\"auto, (max-width: 700px) 100vw, 700px\" \/><\/figure>\n\n\n\n<figure class=\"wp-block-image size-large\"><img loading=\"lazy\" decoding=\"async\" width=\"700\" height=\"700\" data-id=\"930\" src=\"http:\/\/litera-siegen.de\/wp-content\/uploads\/2022\/12\/IMG_20221204_195517_504-700x700.webp\" alt=\"\" class=\"wp-image-930\" srcset=\"https:\/\/litera-siegen.de\/wp-content\/uploads\/2022\/12\/IMG_20221204_195517_504-700x700.webp 700w, https:\/\/litera-siegen.de\/wp-content\/uploads\/2022\/12\/IMG_20221204_195517_504-300x300.webp 300w, https:\/\/litera-siegen.de\/wp-content\/uploads\/2022\/12\/IMG_20221204_195517_504-150x150.webp 150w, https:\/\/litera-siegen.de\/wp-content\/uploads\/2022\/12\/IMG_20221204_195517_504-60x60.webp 60w, https:\/\/litera-siegen.de\/wp-content\/uploads\/2022\/12\/IMG_20221204_195517_504.webp 757w\" sizes=\"auto, (max-width: 700px) 100vw, 700px\" \/><\/figure>\n\n\n\n<figure class=\"wp-block-image size-large\"><img loading=\"lazy\" decoding=\"async\" width=\"700\" height=\"700\" data-id=\"931\" src=\"http:\/\/litera-siegen.de\/wp-content\/uploads\/2022\/12\/IMG_20221204_195517_485-700x700.webp\" alt=\"\" class=\"wp-image-931\" srcset=\"https:\/\/litera-siegen.de\/wp-content\/uploads\/2022\/12\/IMG_20221204_195517_485-700x700.webp 700w, https:\/\/litera-siegen.de\/wp-content\/uploads\/2022\/12\/IMG_20221204_195517_485-300x300.webp 300w, https:\/\/litera-siegen.de\/wp-content\/uploads\/2022\/12\/IMG_20221204_195517_485-150x150.webp 150w, https:\/\/litera-siegen.de\/wp-content\/uploads\/2022\/12\/IMG_20221204_195517_485-768x768.webp 768w, https:\/\/litera-siegen.de\/wp-content\/uploads\/2022\/12\/IMG_20221204_195517_485-60x60.webp 60w, https:\/\/litera-siegen.de\/wp-content\/uploads\/2022\/12\/IMG_20221204_195517_485.webp 1080w\" sizes=\"auto, (max-width: 700px) 100vw, 700px\" \/><\/figure>\n\n\n\n<figure class=\"wp-block-image size-large\"><img loading=\"lazy\" decoding=\"async\" width=\"700\" height=\"984\" data-id=\"932\" src=\"http:\/\/litera-siegen.de\/wp-content\/uploads\/2022\/12\/IMG-20221204-WA0063-700x984.jpg\" alt=\"\" class=\"wp-image-932\" srcset=\"https:\/\/litera-siegen.de\/wp-content\/uploads\/2022\/12\/IMG-20221204-WA0063-700x984.jpg 700w, https:\/\/litera-siegen.de\/wp-content\/uploads\/2022\/12\/IMG-20221204-WA0063-213x300.jpg 213w, https:\/\/litera-siegen.de\/wp-content\/uploads\/2022\/12\/IMG-20221204-WA0063-768x1080.jpg 768w, https:\/\/litera-siegen.de\/wp-content\/uploads\/2022\/12\/IMG-20221204-WA0063-1092x1536.jpg 1092w, https:\/\/litera-siegen.de\/wp-content\/uploads\/2022\/12\/IMG-20221204-WA0063-43x60.jpg 43w, https:\/\/litera-siegen.de\/wp-content\/uploads\/2022\/12\/IMG-20221204-WA0063.jpg 1138w\" sizes=\"auto, (max-width: 700px) 100vw, 700px\" \/><\/figure>\n<\/figure>\n\n\n\n<figure class=\"wp-block-gallery has-nested-images columns-default is-cropped wp-block-gallery-3 is-layout-flex wp-block-gallery-is-layout-flex\">\n<figure class=\"wp-block-image size-large\"><img loading=\"lazy\" decoding=\"async\" width=\"700\" height=\"1479\" data-id=\"1127\" src=\"http:\/\/litera-siegen.de\/wp-content\/uploads\/2023\/05\/IMG-20230226-WA0011-700x1479.jpg\" alt=\"\" class=\"wp-image-1127\" srcset=\"https:\/\/litera-siegen.de\/wp-content\/uploads\/2023\/05\/IMG-20230226-WA0011-700x1479.jpg 700w, https:\/\/litera-siegen.de\/wp-content\/uploads\/2023\/05\/IMG-20230226-WA0011-142x300.jpg 142w, https:\/\/litera-siegen.de\/wp-content\/uploads\/2023\/05\/IMG-20230226-WA0011-768x1623.jpg 768w, https:\/\/litera-siegen.de\/wp-content\/uploads\/2023\/05\/IMG-20230226-WA0011-727x1536.jpg 727w, https:\/\/litera-siegen.de\/wp-content\/uploads\/2023\/05\/IMG-20230226-WA0011-28x60.jpg 28w, https:\/\/litera-siegen.de\/wp-content\/uploads\/2023\/05\/IMG-20230226-WA0011.jpg 954w\" sizes=\"auto, (max-width: 700px) 100vw, 700px\" \/><\/figure>\n\n\n\n<figure class=\"wp-block-image size-large\"><img loading=\"lazy\" decoding=\"async\" width=\"700\" height=\"1137\" data-id=\"1129\" src=\"http:\/\/litera-siegen.de\/wp-content\/uploads\/2023\/05\/IMG-20230313-WA0004-700x1137.jpg\" alt=\"\" class=\"wp-image-1129\" srcset=\"https:\/\/litera-siegen.de\/wp-content\/uploads\/2023\/05\/IMG-20230313-WA0004-700x1137.jpg 700w, https:\/\/litera-siegen.de\/wp-content\/uploads\/2023\/05\/IMG-20230313-WA0004-185x300.jpg 185w, https:\/\/litera-siegen.de\/wp-content\/uploads\/2023\/05\/IMG-20230313-WA0004-768x1247.jpg 768w, https:\/\/litera-siegen.de\/wp-content\/uploads\/2023\/05\/IMG-20230313-WA0004-946x1536.jpg 946w, https:\/\/litera-siegen.de\/wp-content\/uploads\/2023\/05\/IMG-20230313-WA0004-37x60.jpg 37w, https:\/\/litera-siegen.de\/wp-content\/uploads\/2023\/05\/IMG-20230313-WA0004.jpg 1261w\" sizes=\"auto, (max-width: 700px) 100vw, 700px\" \/><\/figure>\n\n\n\n<figure class=\"wp-block-image size-large\"><img loading=\"lazy\" decoding=\"async\" width=\"700\" height=\"1515\" data-id=\"1128\" src=\"http:\/\/litera-siegen.de\/wp-content\/uploads\/2023\/05\/IMG-20230416-WA0016-700x1515.jpg\" alt=\"\" class=\"wp-image-1128\" srcset=\"https:\/\/litera-siegen.de\/wp-content\/uploads\/2023\/05\/IMG-20230416-WA0016-700x1515.jpg 700w, https:\/\/litera-siegen.de\/wp-content\/uploads\/2023\/05\/IMG-20230416-WA0016-139x300.jpg 139w, https:\/\/litera-siegen.de\/wp-content\/uploads\/2023\/05\/IMG-20230416-WA0016-768x1662.jpg 768w, https:\/\/litera-siegen.de\/wp-content\/uploads\/2023\/05\/IMG-20230416-WA0016-710x1536.jpg 710w, https:\/\/litera-siegen.de\/wp-content\/uploads\/2023\/05\/IMG-20230416-WA0016-28x60.jpg 28w, https:\/\/litera-siegen.de\/wp-content\/uploads\/2023\/05\/IMG-20230416-WA0016.jpg 924w\" sizes=\"auto, (max-width: 700px) 100vw, 700px\" \/><\/figure>\n\n\n\n<figure class=\"wp-block-image size-large\"><img loading=\"lazy\" decoding=\"async\" width=\"700\" height=\"1515\" data-id=\"1126\" src=\"http:\/\/litera-siegen.de\/wp-content\/uploads\/2023\/05\/IMG-20230416-WA0017-700x1515.jpg\" alt=\"\" class=\"wp-image-1126\" srcset=\"https:\/\/litera-siegen.de\/wp-content\/uploads\/2023\/05\/IMG-20230416-WA0017-700x1515.jpg 700w, https:\/\/litera-siegen.de\/wp-content\/uploads\/2023\/05\/IMG-20230416-WA0017-139x300.jpg 139w, https:\/\/litera-siegen.de\/wp-content\/uploads\/2023\/05\/IMG-20230416-WA0017-768x1662.jpg 768w, https:\/\/litera-siegen.de\/wp-content\/uploads\/2023\/05\/IMG-20230416-WA0017-710x1536.jpg 710w, https:\/\/litera-siegen.de\/wp-content\/uploads\/2023\/05\/IMG-20230416-WA0017-28x60.jpg 28w, https:\/\/litera-siegen.de\/wp-content\/uploads\/2023\/05\/IMG-20230416-WA0017.jpg 924w\" sizes=\"auto, (max-width: 700px) 100vw, 700px\" \/><\/figure>\n\n\n\n<figure class=\"wp-block-image size-large\"><img loading=\"lazy\" decoding=\"async\" width=\"700\" height=\"1242\" data-id=\"1130\" src=\"http:\/\/litera-siegen.de\/wp-content\/uploads\/2023\/05\/IMG-20230416-WA0007-700x1242.jpg\" alt=\"\" class=\"wp-image-1130\" srcset=\"https:\/\/litera-siegen.de\/wp-content\/uploads\/2023\/05\/IMG-20230416-WA0007-700x1242.jpg 700w, https:\/\/litera-siegen.de\/wp-content\/uploads\/2023\/05\/IMG-20230416-WA0007-169x300.jpg 169w, https:\/\/litera-siegen.de\/wp-content\/uploads\/2023\/05\/IMG-20230416-WA0007-768x1362.jpg 768w, https:\/\/litera-siegen.de\/wp-content\/uploads\/2023\/05\/IMG-20230416-WA0007-866x1536.jpg 866w, https:\/\/litera-siegen.de\/wp-content\/uploads\/2023\/05\/IMG-20230416-WA0007-34x60.jpg 34w, https:\/\/litera-siegen.de\/wp-content\/uploads\/2023\/05\/IMG-20230416-WA0007.jpg 902w\" sizes=\"auto, (max-width: 700px) 100vw, 700px\" \/><\/figure>\n<\/figure>\n\n\n\n<p>Workshop December 2022<\/p>\n\n\n","protected":false},"excerpt":{"rendered":"<p>Litera e. V. setzt sich f\u00fcr die kulturelle Bildung der Kinder und Erwachsenen in Siegen und Umgebung ein. In unserer Kunst AG lernen die Teilnehmer:innen die Kunst zu verstehen, den Mal- und Kunsttechniken richtig umzugehen und selbst kreativ zu werden. Unter der Leitung der professionellen K\u00fcnstlerin Natalia Schlucker entstehen Kunstwerke von unsren kleinen und gro\u00dfen &hellip; <\/p>\n","protected":false},"author":2,"featured_media":0,"parent":0,"menu_order":0,"comment_status":"closed","ping_status":"closed","template":"","meta":{"footnotes":""},"class_list":["post-868","page","type-page","status-publish","hentry"],"translation":{"provider":"WPGlobus","version":"3.0.2","language":"ru","enabled_languages":["de","ru"],"languages":{"de":{"title":true,"content":true,"excerpt":false},"ru":{"title":false,"content":false,"excerpt":false}}},"_links":{"self":[{"href":"https:\/\/litera-siegen.de\/ru\/wp-json\/wp\/v2\/pages\/868","targetHints":{"allow":["GET"]}}],"collection":[{"href":"https:\/\/litera-siegen.de\/ru\/wp-json\/wp\/v2\/pages"}],"about":[{"href":"https:\/\/litera-siegen.de\/ru\/wp-json\/wp\/v2\/types\/page"}],"author":[{"embeddable":true,"href":"https:\/\/litera-siegen.de\/ru\/wp-json\/wp\/v2\/users\/2"}],"replies":[{"embeddable":true,"href":"https:\/\/litera-siegen.de\/ru\/wp-json\/wp\/v2\/comments?post=868"}],"version-history":[{"count":10,"href":"https:\/\/litera-siegen.de\/ru\/wp-json\/wp\/v2\/pages\/868\/revisions"}],"predecessor-version":[{"id":1131,"href":"https:\/\/litera-siegen.de\/ru\/wp-json\/wp\/v2\/pages\/868\/revisions\/1131"}],"wp:attachment":[{"href":"https:\/\/litera-siegen.de\/ru\/wp-json\/wp\/v2\/media?parent=868"}],"curies":[{"name":"wp","href":"https:\/\/api.w.org\/{rel}","templated":true}]}}