{"id":702,"date":"2021-04-05T13:38:22","date_gmt":"2021-04-05T13:38:22","guid":{"rendered":"http:\/\/litera-siegen.de\/?page_id=702"},"modified":"2024-10-23T13:29:02","modified_gmt":"2024-10-23T13:29:02","slug":"unsere-kursleiterinnen","status":"publish","type":"page","link":"https:\/\/litera-siegen.de\/ru\/verein\/unsere-kursleiterinnen\/","title":{"rendered":"Unsere Kursleiter:innen"},"content":{"rendered":"\n<p><strong>Kunst, Sprache, Theater in Litera. Unsere Kursleiter:innen stellen sich vor<\/strong>.<\/p>\n\n\n\n<div class=\"wp-block-media-text alignwide is-stacked-on-mobile is-vertically-aligned-top\" style=\"grid-template-columns:30% auto\"><figure class=\"wp-block-media-text__media\"><img loading=\"lazy\" decoding=\"async\" width=\"581\" height=\"1032\" src=\"http:\/\/litera-siegen.de\/wp-content\/uploads\/2021\/06\/E.Gross-002.jpg\" alt=\"\" class=\"wp-image-736 size-full\" srcset=\"https:\/\/litera-siegen.de\/wp-content\/uploads\/2021\/06\/E.Gross-002.jpg 581w, https:\/\/litera-siegen.de\/wp-content\/uploads\/2021\/06\/E.Gross-002-169x300.jpg 169w, https:\/\/litera-siegen.de\/wp-content\/uploads\/2021\/06\/E.Gross-002-34x60.jpg 34w\" sizes=\"auto, (max-width: 581px) 100vw, 581px\" \/><\/figure><div class=\"wp-block-media-text__content\">\n<p><strong>Elena Gro\u00df<\/strong> studierte erfolgreich Philologie an der Staatlichen Dostojewski-Universit\u00e4t in der russischen Stadt Omsk. In Siegen arbeitete die Diplomphilologin in der Herder-Bibliothek Siegerland e. V. 2012 gr\u00fcndete Elena das deutsch-russische Kulturzentrum Litera, das sie bis jetzt erfolgreich und mit gro\u00dfer Hingabe und Liebe zur Sprache, Literatur und Kultur beider L\u00e4nder leitet. Elena unterrichtet mit auf der jahrelangen Erfahrung basierten Fachkenntnissen des Fremdsprachunterrichts  Russisch f\u00fcr Erwachsene in Litera. <\/p>\n\n\n\n<p class=\"has-small-font-size\">Foto: Elena Gro\u00df (Bildrechte Elena Gro\u00df)<\/p>\n<\/div><\/div>\n\n\n\n<p><\/p>\n\n\n\n<div class=\"wp-block-media-text alignwide is-stacked-on-mobile is-vertically-aligned-top\" style=\"grid-template-columns:52% auto\"><figure class=\"wp-block-media-text__media\"><img loading=\"lazy\" decoding=\"async\" width=\"700\" height=\"658\" src=\"http:\/\/litera-siegen.de\/wp-content\/uploads\/2021\/06\/image-700x658.png\" alt=\"\" class=\"wp-image-715 size-full\" srcset=\"https:\/\/litera-siegen.de\/wp-content\/uploads\/2021\/06\/image-700x658.png 700w, https:\/\/litera-siegen.de\/wp-content\/uploads\/2021\/06\/image-300x282.png 300w, https:\/\/litera-siegen.de\/wp-content\/uploads\/2021\/06\/image-768x722.png 768w, https:\/\/litera-siegen.de\/wp-content\/uploads\/2021\/06\/image-1536x1445.png 1536w, https:\/\/litera-siegen.de\/wp-content\/uploads\/2021\/06\/image-64x60.png 64w, https:\/\/litera-siegen.de\/wp-content\/uploads\/2021\/06\/image.png 1680w\" sizes=\"auto, (max-width: 700px) 100vw, 700px\" \/><\/figure><div class=\"wp-block-media-text__content\">\n<p><strong>Natalia Schlucker<\/strong> absolvierte 2002 mit Auszeichnung die Kunstschule in der russischen Stadt Belgorod-Dnestrowskij. Sie studierte Design, Fachrichtung Architekturdesign an der Internationalen Slawischen Hochschule in Moskau. Natalia arbeitete als Grafik-Designerin in Moskau. Sie malt freiberuflich Bildnisse in \u00d6l und Acryl auf Bestellung, bietet Workshops in unterschiedlichen Techniken, zum Beispiel Acryl, \u00d6l, Pastell, Grafik und Gouache, f\u00fcr Kinder und Erwachsene an. <\/p>\n\n\n\n<p class=\"has-small-font-size\">Foto: Natalia Schlucker (Bildrechte Natalia Schlucker)<\/p>\n<\/div><\/div>\n\n\n\n<p class=\"has-small-font-size\">Foto: Olga Rehhovski (Bildrechte Olga Rehhovski)<\/p>\n","protected":false},"excerpt":{"rendered":"<p>Kunst, Sprache, Theater in Litera. Unsere Kursleiter:innen stellen sich vor. Elena Gro\u00df studierte erfolgreich Philologie an der Staatlichen Dostojewski-Universit\u00e4t in der russischen Stadt Omsk. In Siegen arbeitete die Diplomphilologin in der Herder-Bibliothek Siegerland e. V. 2012 gr\u00fcndete Elena das deutsch-russische Kulturzentrum Litera, das sie bis jetzt erfolgreich und mit gro\u00dfer Hingabe und Liebe zur Sprache, &hellip; <\/p>\n","protected":false},"author":2,"featured_media":0,"parent":142,"menu_order":0,"comment_status":"closed","ping_status":"closed","template":"","meta":{"footnotes":""},"class_list":["post-702","page","type-page","status-publish","hentry"],"translation":{"provider":"WPGlobus","version":"3.0.2","language":"ru","enabled_languages":["de","ru"],"languages":{"de":{"title":true,"content":true,"excerpt":false},"ru":{"title":false,"content":false,"excerpt":false}}},"_links":{"self":[{"href":"https:\/\/litera-siegen.de\/ru\/wp-json\/wp\/v2\/pages\/702","targetHints":{"allow":["GET"]}}],"collection":[{"href":"https:\/\/litera-siegen.de\/ru\/wp-json\/wp\/v2\/pages"}],"about":[{"href":"https:\/\/litera-siegen.de\/ru\/wp-json\/wp\/v2\/types\/page"}],"author":[{"embeddable":true,"href":"https:\/\/litera-siegen.de\/ru\/wp-json\/wp\/v2\/users\/2"}],"replies":[{"embeddable":true,"href":"https:\/\/litera-siegen.de\/ru\/wp-json\/wp\/v2\/comments?post=702"}],"version-history":[{"count":29,"href":"https:\/\/litera-siegen.de\/ru\/wp-json\/wp\/v2\/pages\/702\/revisions"}],"predecessor-version":[{"id":1264,"href":"https:\/\/litera-siegen.de\/ru\/wp-json\/wp\/v2\/pages\/702\/revisions\/1264"}],"up":[{"embeddable":true,"href":"https:\/\/litera-siegen.de\/ru\/wp-json\/wp\/v2\/pages\/142"}],"wp:attachment":[{"href":"https:\/\/litera-siegen.de\/ru\/wp-json\/wp\/v2\/media?parent=702"}],"curies":[{"name":"wp","href":"https:\/\/api.w.org\/{rel}","templated":true}]}}