{"id":700,"date":"2021-04-05T13:33:56","date_gmt":"2021-04-05T13:33:56","guid":{"rendered":"http:\/\/litera-siegen.de\/?page_id=700"},"modified":"2026-04-29T00:04:41","modified_gmt":"2026-04-29T00:04:41","slug":"litcafe","status":"publish","type":"page","link":"https:\/\/litera-siegen.de\/ru\/litcafe\/","title":{"rendered":"LitCaf\u00e9"},"content":{"rendered":"\n<div class=\"wp-block-media-text alignwide is-stacked-on-mobile\"><figure class=\"wp-block-media-text__media\"><img loading=\"lazy\" decoding=\"async\" width=\"700\" height=\"576\" src=\"http:\/\/litera-siegen.de\/wp-content\/uploads\/2021\/06\/PHOTO-2021-06-15-12-01-16-002-700x576.jpg\" alt=\"\" class=\"wp-image-793 size-full\" srcset=\"https:\/\/litera-siegen.de\/wp-content\/uploads\/2021\/06\/PHOTO-2021-06-15-12-01-16-002-700x576.jpg 700w, https:\/\/litera-siegen.de\/wp-content\/uploads\/2021\/06\/PHOTO-2021-06-15-12-01-16-002-300x247.jpg 300w, https:\/\/litera-siegen.de\/wp-content\/uploads\/2021\/06\/PHOTO-2021-06-15-12-01-16-002-768x632.jpg 768w, https:\/\/litera-siegen.de\/wp-content\/uploads\/2021\/06\/PHOTO-2021-06-15-12-01-16-002-73x60.jpg 73w, https:\/\/litera-siegen.de\/wp-content\/uploads\/2021\/06\/PHOTO-2021-06-15-12-01-16-002.jpg 1280w\" sizes=\"auto, (max-width: 700px) 100vw, 700px\" \/><\/figure><div class=\"wp-block-media-text__content\">\n<p style=\"font-size:15px\"><em>Von allen Welten, die der Mensch erschaffen hat, ist die der B\u00fccher die Gewaltigste.<\/em>  Heinrich Heine<\/p>\n\n\n\n<p class=\"has-medium-font-size\">Unser literarisches Caf\u00e9 l\u00e4dt alle Leseratten zu einer gem\u00fctlichen Runde bei einer Tasse Tee ein! In unserem Vereinsheim verbringen wir zusammen gem\u00fctliche Stunden beim Lesen, Diskutieren und Austauschen. <\/p>\n\n\n\n<p class=\"has-medium-font-size\">Die n\u00e4chsten Termine sind am 10. Mai, 14. Juni, 12. Juli und 9. August \u2013 jeweils um 12:00 Uhr in Litera.<\/p>\n<\/div><\/div>\n","protected":false},"excerpt":{"rendered":"<p>Von allen Welten, die der Mensch erschaffen hat, ist die der B\u00fccher die Gewaltigste. Heinrich Heine Unser literarisches Caf\u00e9 l\u00e4dt alle Leseratten zu einer gem\u00fctlichen Runde bei einer Tasse Tee ein! In unserem Vereinsheim verbringen wir zusammen gem\u00fctliche Stunden beim Lesen, Diskutieren und Austauschen. Die n\u00e4chsten Termine sind am 10. Mai, 14. Juni, 12. Juli &hellip; <\/p>\n","protected":false},"author":2,"featured_media":0,"parent":0,"menu_order":0,"comment_status":"closed","ping_status":"closed","template":"","meta":{"footnotes":""},"class_list":["post-700","page","type-page","status-publish","hentry"],"translation":{"provider":"WPGlobus","version":"3.0.2","language":"ru","enabled_languages":["de","ru"],"languages":{"de":{"title":true,"content":true,"excerpt":false},"ru":{"title":false,"content":false,"excerpt":false}}},"_links":{"self":[{"href":"https:\/\/litera-siegen.de\/ru\/wp-json\/wp\/v2\/pages\/700","targetHints":{"allow":["GET"]}}],"collection":[{"href":"https:\/\/litera-siegen.de\/ru\/wp-json\/wp\/v2\/pages"}],"about":[{"href":"https:\/\/litera-siegen.de\/ru\/wp-json\/wp\/v2\/types\/page"}],"author":[{"embeddable":true,"href":"https:\/\/litera-siegen.de\/ru\/wp-json\/wp\/v2\/users\/2"}],"replies":[{"embeddable":true,"href":"https:\/\/litera-siegen.de\/ru\/wp-json\/wp\/v2\/comments?post=700"}],"version-history":[{"count":7,"href":"https:\/\/litera-siegen.de\/ru\/wp-json\/wp\/v2\/pages\/700\/revisions"}],"predecessor-version":[{"id":1357,"href":"https:\/\/litera-siegen.de\/ru\/wp-json\/wp\/v2\/pages\/700\/revisions\/1357"}],"wp:attachment":[{"href":"https:\/\/litera-siegen.de\/ru\/wp-json\/wp\/v2\/media?parent=700"}],"curies":[{"name":"wp","href":"https:\/\/api.w.org\/{rel}","templated":true}]}}