{"id":526,"date":"2020-11-10T10:08:50","date_gmt":"2020-11-10T10:08:50","guid":{"rendered":"http:\/\/litera-siegen.de\/?page_id=526"},"modified":"2020-11-23T20:56:24","modified_gmt":"2020-11-23T20:56:24","slug":"projekte","status":"publish","type":"page","link":"https:\/\/litera-siegen.de\/ru\/projekte\/","title":{"rendered":"Projekte"},"content":{"rendered":"\n<p><\/p>\n\n\n<ul class=\"wp-block-latest-posts__list wp-block-latest-posts\"><li><a class=\"wp-block-latest-posts__post-title\" href=\"https:\/\/litera-siegen.de\/ru\/kunstprojekt-maerchenwelt-von-h-c-andersen\/\">Kunstprojekt &#8212; M\u00e4rchenwelt von H.C. Andersen<\/a><div class=\"wp-block-latest-posts__post-excerpt\"><\/div><\/li>\n<li><a class=\"wp-block-latest-posts__post-title\" href=\"https:\/\/litera-siegen.de\/ru\/puschkin-gemalt-von-kindern-ein-kunstwettbewerb-von-kinderillustrationen-zu-puschkins-maerchen-in-litera\/\">Puschkin gemalt von Kindern. Ein Kunstwettbewerb zu Puschkins M\u00e4rchen in Litera.<\/a><div class=\"wp-block-latest-posts__post-excerpt\">In diesem Jahr feiern wir den 222 Jubil\u00e4um des weltbekannten russischen Schriftstellers Aleksander Puschkin. Puschkin gilt f\u00fcr die meisten seiner Landsleute als&nbsp;der russische Nationaldichter \u2013 mit weitem Abstand vor im Ausland wohl bekannteren Schriftstellern wie Dostojewskij, Tostoi, Bulgakov und Pasternak. Jedes russische Kind kennt seine M\u00e4rchen und liebt seine Erz\u00e4hlungen. Zu den beliebtesten geh\u00f6rt das &hellip; <\/div><\/li>\n<li><a class=\"wp-block-latest-posts__post-title\" href=\"https:\/\/litera-siegen.de\/ru\/ein-rueckblick-literarisches-cafe-in-litera-2020\/\">Interkulturelles Literaturcaf\u00e9 : Ivan Bunin und Alexander Kuprin<\/a><div class=\"wp-block-latest-posts__post-excerpt\">Unterst\u00fctzt von dem Integrationszentrum der Stadt Siegen Im Rahmen des Projektes Interkulturelles Literaturcaf\u00e9 veranstaltete Kulturzentrum Litera am 7.Oktober einen literarischen Abend zum 150-j\u00e4hrigen Jubil\u00e4um von Alexander Kuprin und Iwan Bunin. Maxim Gorki schrieb \u00fcber ihn: \u201eNehmen Sie Bunin aus der russischen Literatur heraus und sie wird glanzlos, verliert ihren Regenbogenschein und das Sternenlicht seiner einsamen &hellip; <\/div><\/li>\n<li><a class=\"wp-block-latest-posts__post-title\" href=\"https:\/\/litera-siegen.de\/ru\/kreative-werkstatt-fuer-kinder-im-rahmen-des-projektes-familien-staerken\/\">Kreative Werkstatt f\u00fcr Kinder im Rahmen des Projektes &#171;Familien st\u00e4rken&#187;<\/a><div class=\"wp-block-latest-posts__post-excerpt\">Mit Unterst\u00fctzung des Bundesprogramms \u201eDemokratie leben!\u201c startete in Litera im Herbst 2020 die Workshopreihe \u201eKreative Werkstatt f\u00fcr Kinder\u201c. Litera-K\u00fcnstlerinnen Natalia Dmitrienko und Yuliya Rastrossa scheuten keine Zeit und M\u00fche, originelle Ideen und Inspirationen umzusetzen. Es wurde gebastelt und gemalt was die Schere h\u00e4lt.&nbsp; Im ersten Workshop fertigten die kleinen Handwerker bunte Futterglocken, die nicht nur &hellip; <\/div><\/li>\n<li><a class=\"wp-block-latest-posts__post-title\" href=\"https:\/\/litera-siegen.de\/ru\/litera-besucht-galileo-park-in-sauerland\/\">Das Bundesprogramm &#171;Demokratie leben!&#187; erm\u00f6glicht den Besuch  von Galileo-Park in Sauerland<\/a><div class=\"wp-block-latest-posts__post-excerpt\"><\/div><\/li>\n<\/ul>","protected":false},"excerpt":{"rendered":"","protected":false},"author":2,"featured_media":0,"parent":0,"menu_order":0,"comment_status":"closed","ping_status":"closed","template":"","meta":{"footnotes":""},"class_list":["post-526","page","type-page","status-publish","hentry"],"translation":{"provider":"WPGlobus","version":"3.0.2","language":"ru","enabled_languages":["de","ru"],"languages":{"de":{"title":true,"content":true,"excerpt":false},"ru":{"title":false,"content":false,"excerpt":false}}},"_links":{"self":[{"href":"https:\/\/litera-siegen.de\/ru\/wp-json\/wp\/v2\/pages\/526","targetHints":{"allow":["GET"]}}],"collection":[{"href":"https:\/\/litera-siegen.de\/ru\/wp-json\/wp\/v2\/pages"}],"about":[{"href":"https:\/\/litera-siegen.de\/ru\/wp-json\/wp\/v2\/types\/page"}],"author":[{"embeddable":true,"href":"https:\/\/litera-siegen.de\/ru\/wp-json\/wp\/v2\/users\/2"}],"replies":[{"embeddable":true,"href":"https:\/\/litera-siegen.de\/ru\/wp-json\/wp\/v2\/comments?post=526"}],"version-history":[{"count":5,"href":"https:\/\/litera-siegen.de\/ru\/wp-json\/wp\/v2\/pages\/526\/revisions"}],"predecessor-version":[{"id":963,"href":"https:\/\/litera-siegen.de\/ru\/wp-json\/wp\/v2\/pages\/526\/revisions\/963"}],"wp:attachment":[{"href":"https:\/\/litera-siegen.de\/ru\/wp-json\/wp\/v2\/media?parent=526"}],"curies":[{"name":"wp","href":"https:\/\/api.w.org\/{rel}","templated":true}]}}