{"id":142,"date":"2020-06-11T13:36:36","date_gmt":"2020-06-11T13:36:36","guid":{"rendered":"http:\/\/litera-siegen.de\/?page_id=142"},"modified":"2020-06-11T15:42:05","modified_gmt":"2020-06-11T15:42:05","slug":"verein","status":"publish","type":"page","link":"https:\/\/litera-siegen.de\/ru\/verein\/","title":{"rendered":"Verein"},"content":{"rendered":"\n<h4 class=\"wp-block-heading\">UNSER VEREIN HAT SICH FOLGENDE ZIELE GESETZT:<\/h4>\n\n\n\n<p>1. Der Austausch kultureller Werte;<\/p>\n\n\n\n<p>2. Die Verwirklichung gemeinsamer Projekte mit Russisch- und Deutschsprachigen;<\/p>\n\n\n\n<p>3. Das Bekanntmachen der Russischen Sprache, Literatur und Kunst als wichtige Bestandteile der Weltkultur.<\/p>\n\n\n\n<p>4. Wir m\u00f6chten Interessierten die klassische sowie die moderne russische Literatur zug\u00e4nglich machen;<\/p>\n\n\n\n<p>5. Die praktische Unterst\u00fctzung von Personen, welche die Russische Sprache erlernen m\u00f6chten.<br><br>Die Russische Kultur ist vielf\u00e4ltig und ihr Beitrag zur Weltkultur ist unsch\u00e4tzbar. F\u00fcr den Einen bedeutet Russische Kultur Folklore und Volksmusik, f\u00fcr den Anderen ist es die klassische Russische Literatur des neunzehnten Jahrhunderts, welche weltweit, dank Schriftstellern wie Anton Tschechow und Fjodor Dostojewski, bekannt wurde. Einige haben die Russische Kultur auch durch Russische Avantgardisten und Futuristen, die Anfang des zwanzigsten Jahrhunderts die Kulturrevolution ausgel\u00f6st hatten und damit nat\u00fcrlich Ihren kostbaren Beitrag zum Weltkulturerbe beigesteuert hatten, kennengelernt. F\u00fcr wieder Andere reflektiert sich Russische Kultur in der Musik von Tschaikowski und Strawinski.Die Russische und Deutsche Kultur besitzen mannigfaltige Ber\u00fchrungspunkte welche sich im Laufe der Jahrhunderte erweitert haben und dies noch immer tun. So wurde die Musik zu dem weltber\u00fchmten Lied \u201eSchwarze Augen\u201c von dem Deutschen Komponisten Hermann verfasst und das allseits bekannte Tschaikowsky-Ballett \u201eDer Nussknacker&#187; wird auf der Grundlage des gleichlautenden Deutschen M\u00e4rchens des begnadeten Dichters Hofmann aufgef\u00fchrt.<\/p>\n\n\n\n<p><br>Wir hoffen, dass es uns und nat\u00fcrlich dem gesamten Verein \u201eLitera\u201c gelingen wird einen Beitrag zum beiderseitigen kulturellen Austausch zu leisten.<\/p>\n\n\n\n<div class=\"wp-block-file\"><a href=\"http:\/\/litera-siegen.de\/wp-content\/uploads\/2020\/06\/litera_beitrittserklaerung_2014_1_new.pdf\">Beitrittserkl\u00e4rung<\/a><a href=\"http:\/\/litera-siegen.de\/wp-content\/uploads\/2020\/06\/litera_beitrittserklaerung_2014_1_new.pdf\" class=\"wp-block-file__button\" download>Herunterladen<\/a><\/div>\n\n\n\n<p><\/p>\n","protected":false},"excerpt":{"rendered":"<p>UNSER VEREIN HAT SICH FOLGENDE ZIELE GESETZT: 1. Der Austausch kultureller Werte; 2. Die Verwirklichung gemeinsamer Projekte mit Russisch- und Deutschsprachigen; 3. Das Bekanntmachen der Russischen Sprache, Literatur und Kunst als wichtige Bestandteile der Weltkultur. 4. Wir m\u00f6chten Interessierten die klassische sowie die moderne russische Literatur zug\u00e4nglich machen; 5. Die praktische Unterst\u00fctzung von Personen, welche &hellip; <\/p>\n","protected":false},"author":2,"featured_media":0,"parent":0,"menu_order":0,"comment_status":"closed","ping_status":"closed","template":"","meta":{"footnotes":""},"class_list":["post-142","page","type-page","status-publish","hentry"],"translation":{"provider":"WPGlobus","version":"3.0.2","language":"ru","enabled_languages":["de","ru"],"languages":{"de":{"title":true,"content":true,"excerpt":false},"ru":{"title":false,"content":false,"excerpt":false}}},"_links":{"self":[{"href":"https:\/\/litera-siegen.de\/ru\/wp-json\/wp\/v2\/pages\/142","targetHints":{"allow":["GET"]}}],"collection":[{"href":"https:\/\/litera-siegen.de\/ru\/wp-json\/wp\/v2\/pages"}],"about":[{"href":"https:\/\/litera-siegen.de\/ru\/wp-json\/wp\/v2\/types\/page"}],"author":[{"embeddable":true,"href":"https:\/\/litera-siegen.de\/ru\/wp-json\/wp\/v2\/users\/2"}],"replies":[{"embeddable":true,"href":"https:\/\/litera-siegen.de\/ru\/wp-json\/wp\/v2\/comments?post=142"}],"version-history":[{"count":4,"href":"https:\/\/litera-siegen.de\/ru\/wp-json\/wp\/v2\/pages\/142\/revisions"}],"predecessor-version":[{"id":220,"href":"https:\/\/litera-siegen.de\/ru\/wp-json\/wp\/v2\/pages\/142\/revisions\/220"}],"wp:attachment":[{"href":"https:\/\/litera-siegen.de\/ru\/wp-json\/wp\/v2\/media?parent=142"}],"curies":[{"name":"wp","href":"https:\/\/api.w.org\/{rel}","templated":true}]}}