{"id":135,"date":"2020-06-11T13:19:22","date_gmt":"2020-06-11T13:19:22","guid":{"rendered":"http:\/\/litera-siegen.de\/?page_id=135"},"modified":"2020-06-12T17:21:14","modified_gmt":"2020-06-12T17:21:14","slug":"letzte-veranstaltung","status":"publish","type":"page","link":"https:\/\/litera-siegen.de\/ru\/letzte-veranstaltung\/","title":{"rendered":"R\u00fcckblick"},"content":{"rendered":"<ul class=\"wp-block-latest-posts__list wp-block-latest-posts\"><li><a class=\"wp-block-latest-posts__post-title\" href=\"https:\/\/litera-siegen.de\/ru\/puppentheater-fuer-gross-und-klein-des-kaisers-neue-kleider\/\">Puppentheater f\u00fcr Gro\u00df und Klein \u2013 \u201eDes Kaisers neue Kleider&#187;<\/a><div class=\"wp-block-latest-posts__post-excerpt\">Das Russisch-Deutsche Kulturzentrum LITERA e.V. pr\u00e4sentiert ein Puppentheater nach dem M\u00e4rchen von H. C. Andersen. Die Vorstellung findet am 30. Mai um 12:00 Uhr statt \u2013 bei Litera, Marburger Tor 15, Siegen. Der Eintritt ist frei!<\/div><\/li>\n<li><a class=\"wp-block-latest-posts__post-title\" href=\"https:\/\/litera-siegen.de\/ru\/litcafe-baron-muenchhausen\/\">LitCaf\u00e9 \u2013 Baron M\u00fcnchhausen<\/a><div class=\"wp-block-latest-posts__post-excerpt\">Das Russisch-Deutsche Kulturzentrum LITERA e.V. l\u00e4dt zum LitCaf\u00e9 ein. Im Sommerprogramm finden die Veranstaltungen an folgenden Terminen statt: 10. Mai, 14. Juni, 12. Juli und 9. August \u2013 jeweils um 12:00 Uhr. Der Eintritt ist frei!<\/div><\/li>\n<li><a class=\"wp-block-latest-posts__post-title\" href=\"https:\/\/litera-siegen.de\/ru\/%d0%bf%d1%80%d0%b5%d0%b4%d1%81%d1%82%d0%b0%d0%b2%d0%bb%d0%b5%d0%bd%d0%b8%d0%b5-%d0%b4%d0%bb%d1%8f-%d0%b4%d0%b5%d1%82%d0%b5%d0%b9-%d0%b8-%d0%b2%d0%b7%d1%80%d0%be%d1%81%d0%bb%d1%8b%d1%85\/\">\u041f\u0440\u0435\u0434\u0441\u0442\u0430\u0432\u043b\u0435\u043d\u0438\u0435 \u0434\u043b\u044f \u0434\u0435\u0442\u0435\u0439 \u0438 \u0432\u0437\u0440\u043e\u0441\u043b\u044b\u0445<\/a><div class=\"wp-block-latest-posts__post-excerpt\"><\/div><\/li>\n<li><a class=\"wp-block-latest-posts__post-title\" href=\"https:\/\/litera-siegen.de\/ru\/russischkurs-2026\/\">Russischkurs 2026<\/a><div class=\"wp-block-latest-posts__post-excerpt\"><\/div><\/li>\n<li><a class=\"wp-block-latest-posts__post-title\" href=\"https:\/\/litera-siegen.de\/ru\/die-nachtigall-puppentheater-fuer-kinder\/\">Die Nachtigall &#8212; Puppentheater f\u00fcr Kinder<\/a><div class=\"wp-block-latest-posts__post-excerpt\">Am 13.12.2025 um 12 Uhr wird, bei Litera (Marburger Tor 15), das Puppentheaterst\u00fcck zum M\u00e4rchen &#8216;Die Nachtigall&#8217; von Andersen aufgef\u00fchrt.Der Eintritt ist Frei.<\/div><\/li>\n<\/ul>\n\n\n<p><\/p>\n\n\n\n<p><\/p>\n","protected":false},"excerpt":{"rendered":"","protected":false},"author":2,"featured_media":0,"parent":0,"menu_order":0,"comment_status":"closed","ping_status":"closed","template":"","meta":{"footnotes":""},"class_list":["post-135","page","type-page","status-publish","hentry"],"translation":{"provider":"WPGlobus","version":"3.0.2","language":"ru","enabled_languages":["de","ru"],"languages":{"de":{"title":true,"content":true,"excerpt":false},"ru":{"title":false,"content":false,"excerpt":false}}},"_links":{"self":[{"href":"https:\/\/litera-siegen.de\/ru\/wp-json\/wp\/v2\/pages\/135","targetHints":{"allow":["GET"]}}],"collection":[{"href":"https:\/\/litera-siegen.de\/ru\/wp-json\/wp\/v2\/pages"}],"about":[{"href":"https:\/\/litera-siegen.de\/ru\/wp-json\/wp\/v2\/types\/page"}],"author":[{"embeddable":true,"href":"https:\/\/litera-siegen.de\/ru\/wp-json\/wp\/v2\/users\/2"}],"replies":[{"embeddable":true,"href":"https:\/\/litera-siegen.de\/ru\/wp-json\/wp\/v2\/comments?post=135"}],"version-history":[{"count":5,"href":"https:\/\/litera-siegen.de\/ru\/wp-json\/wp\/v2\/pages\/135\/revisions"}],"predecessor-version":[{"id":320,"href":"https:\/\/litera-siegen.de\/ru\/wp-json\/wp\/v2\/pages\/135\/revisions\/320"}],"wp:attachment":[{"href":"https:\/\/litera-siegen.de\/ru\/wp-json\/wp\/v2\/media?parent=135"}],"curies":[{"name":"wp","href":"https:\/\/api.w.org\/{rel}","templated":true}]}}